{"id":17078,"date":"2024-02-10T21:09:48","date_gmt":"2024-02-10T20:09:48","guid":{"rendered":"https:\/\/hotelterbrughe.com\/nos-avantages\/"},"modified":"2026-01-08T11:28:16","modified_gmt":"2026-01-08T10:28:16","slug":"nos-avantages","status":"publish","type":"page","link":"https:\/\/hotelterbrughe.com\/fr\/nos-avantages\/","title":{"rendered":"Nos avantages"},"content":{"rendered":"\t\t<div data-elementor-type=\"wp-page\" data-elementor-id=\"17078\" class=\"elementor elementor-17078 elementor-11273\">\n\t\t\t\t\t\t<section class=\"elementor-section elementor-top-section elementor-element elementor-element-16ff598c elementor-section-full_width elementor-section-height-default elementor-section-height-default qodef-elementor-content-no\" data-id=\"16ff598c\" data-element_type=\"section\" data-e-type=\"section\">\n\t\t\t\t\t\t<div class=\"elementor-container elementor-column-gap-default\">\n\t\t\t\t\t<div class=\"elementor-column elementor-col-100 elementor-top-column elementor-element elementor-element-790400d4\" data-id=\"790400d4\" data-element_type=\"column\" data-e-type=\"column\">\n\t\t\t<div class=\"elementor-widget-wrap elementor-element-populated\">\n\t\t\t\t\t\t<div class=\"elementor-element elementor-element-74446db elementor-widget elementor-widget-augustine_core_section_title\" data-id=\"74446db\" data-element_type=\"widget\" data-e-type=\"widget\" data-widget_type=\"augustine_core_section_title.default\">\n\t\t\t\t<div class=\"elementor-widget-container\">\n\t\t\t\t\t<div class=\"qodef-shortcode qodef-m  qodef-section-title qodef-alignment--center     \">\n\t\t<span class=\"qodef-m-separator\" ><\/span>\n\t\t\t<h3 class=\"qodef-m-title\" >\n\t\t\t\t\tBruges par Babette \t\t\t<\/h3>\n\t\t<\/div>\t\t\t\t<\/div>\n\t\t\t\t<\/div>\n\t\t\t\t\t<\/div>\n\t\t<\/div>\n\t\t\t\t\t<\/div>\n\t\t<\/section>\n\t\t<div class=\"elementor-element elementor-element-0094e7b e-flex e-con-boxed e-con e-parent\" data-id=\"0094e7b\" data-element_type=\"container\" data-e-type=\"container\">\n\t\t\t\t\t<div class=\"e-con-inner\">\n\t\t<div class=\"elementor-element elementor-element-e3118b4 e-con-full e-flex e-con e-child\" data-id=\"e3118b4\" data-element_type=\"container\" data-e-type=\"container\">\n\t\t\t\t<div class=\"elementor-element elementor-element-c32bd84 elementor-widget elementor-widget-image\" data-id=\"c32bd84\" data-element_type=\"widget\" data-e-type=\"widget\" data-widget_type=\"image.default\">\n\t\t\t\t<div class=\"elementor-widget-container\">\n\t\t\t\t\t\t\t\t\t\t\t\t\t\t\t<img fetchpriority=\"high\" decoding=\"async\" width=\"1024\" height=\"683\" src=\"https:\/\/hotelterbrughe.com\/wp-content\/uploads\/2024\/04\/BbB3.webp\" class=\"attachment-large size-large wp-image-16917\" alt=\"BbB3.webp\" srcset=\"https:\/\/hotelterbrughe.com\/wp-content\/uploads\/2024\/04\/BbB3.webp 1024w, https:\/\/hotelterbrughe.com\/wp-content\/uploads\/2024\/04\/BbB3-300x200.webp 300w, https:\/\/hotelterbrughe.com\/wp-content\/uploads\/2024\/04\/BbB3-768x512.webp 768w\" sizes=\"(max-width: 1024px) 100vw, 1024px\" \/>\t\t\t\t\t\t\t\t\t\t\t\t\t\t\t<\/div>\n\t\t\t\t<\/div>\n\t\t\t\t<\/div>\n\t\t<div class=\"elementor-element elementor-element-1f8aa67 e-con-full e-flex e-con e-child\" data-id=\"1f8aa67\" data-element_type=\"container\" data-e-type=\"container\">\n\t\t\t\t<div class=\"elementor-element elementor-element-af913ee elementor-widget__width-initial elementor-widget-tablet__width-inherit elementor-widget elementor-widget-text-editor\" data-id=\"af913ee\" data-element_type=\"widget\" data-e-type=\"widget\" data-widget_type=\"text-editor.default\">\n\t\t\t\t<div class=\"elementor-widget-container\">\n\t\t\t\t\t\t\t\t\t<p>Vous s\u00e9journez \u00e0 Bruges pour une courte dur\u00e9e ou vous ne savez pas par o\u00f9 commencer dans cette belle ville ?<\/p><p>Ne vous inqui\u00e9tez pas ! CW Hotel Collection se fera un plaisir de vous proposer une visite guid\u00e9e. Sous le nom BBB, Bruges&rsquo; Basics by Babette, notre coll\u00e8gue brugeoise Babette, qui travaille \u00e0 l&rsquo;h\u00f4tel De Orangerie, vous fera d\u00e9couvrir les points forts de Bruges que vous devez absolument voir avant de rentrer chez vous.<\/p><p>Il s&rsquo;agit d&rsquo;explications de base et de faits int\u00e9ressants qui jalonnent le parcours. Si vous \u00eates int\u00e9ress\u00e9, veuillez contacter la r\u00e9ception. Nous nous ferons un plaisir de vous aider \u00e0 choisir une date.  <\/p>\t\t\t\t\t\t\t\t<\/div>\n\t\t\t\t<\/div>\n\t\t\t\t<\/div>\n\t\t\t\t\t<\/div>\n\t\t\t\t<\/div>\n\t\t\t\t<section class=\"elementor-section elementor-top-section elementor-element elementor-element-4cf7fc7 elementor-section-full_width elementor-section-height-default elementor-section-height-default qodef-elementor-content-no\" data-id=\"4cf7fc7\" data-element_type=\"section\" data-e-type=\"section\">\n\t\t\t\t\t\t<div class=\"elementor-container elementor-column-gap-default\">\n\t\t\t\t\t<div class=\"elementor-column elementor-col-100 elementor-top-column elementor-element elementor-element-e022a80\" data-id=\"e022a80\" data-element_type=\"column\" data-e-type=\"column\">\n\t\t\t<div class=\"elementor-widget-wrap elementor-element-populated\">\n\t\t\t\t\t\t<div class=\"elementor-element elementor-element-e757449 elementor-widget elementor-widget-augustine_core_section_title\" data-id=\"e757449\" data-element_type=\"widget\" data-e-type=\"widget\" data-widget_type=\"augustine_core_section_title.default\">\n\t\t\t\t<div class=\"elementor-widget-container\">\n\t\t\t\t\t<div class=\"qodef-shortcode qodef-m  qodef-section-title qodef-alignment--center     \">\n\t\t<span class=\"qodef-m-separator\" ><\/span>\n\t\t\t<h3 class=\"qodef-m-title\" >\n\t\t\t\t\tNotre jardin douillet\t\t\t<\/h3>\n\t\t<\/div>\t\t\t\t<\/div>\n\t\t\t\t<\/div>\n\t\t\t\t\t<\/div>\n\t\t<\/div>\n\t\t\t\t\t<\/div>\n\t\t<\/section>\n\t\t<div class=\"elementor-element elementor-element-5ab9dab e-flex e-con-boxed e-con e-parent\" data-id=\"5ab9dab\" data-element_type=\"container\" data-e-type=\"container\">\n\t\t\t\t\t<div class=\"e-con-inner\">\n\t\t<div class=\"elementor-element elementor-element-f665e85 e-con-full e-flex e-con e-child\" data-id=\"f665e85\" data-element_type=\"container\" data-e-type=\"container\">\n\t\t\t\t<div class=\"elementor-element elementor-element-7f005ba elementor-widget__width-initial elementor-widget-tablet__width-inherit elementor-widget elementor-widget-text-editor\" data-id=\"7f005ba\" data-element_type=\"widget\" data-e-type=\"widget\" data-widget_type=\"text-editor.default\">\n\t\t\t\t<div class=\"elementor-widget-container\">\n\t\t\t\t\t\t\t\t\t<p style=\"text-align: center;\">D\u00e9couvrez notre jardin accueillant, une oasis de verdure o\u00f9 vous pourrez vous d\u00e9tendre apr\u00e8s une journ\u00e9e bien remplie autour d&rsquo;une boisson d\u00e9licieuse et d&rsquo;une relaxation bien m\u00e9rit\u00e9e.<\/p>\t\t\t\t\t\t\t\t<\/div>\n\t\t\t\t<\/div>\n\t\t\t\t<\/div>\n\t\t<div class=\"elementor-element elementor-element-9e5df02 e-con-full e-flex e-con e-child\" data-id=\"9e5df02\" data-element_type=\"container\" data-e-type=\"container\">\n\t\t\t\t<div class=\"elementor-element elementor-element-401f9d4 elementor-widget elementor-widget-image\" data-id=\"401f9d4\" data-element_type=\"widget\" data-e-type=\"widget\" data-widget_type=\"image.default\">\n\t\t\t\t<div class=\"elementor-widget-container\">\n\t\t\t\t\t\t\t\t\t\t\t\t\t\t\t<img decoding=\"async\" width=\"1024\" height=\"683\" src=\"https:\/\/hotelterbrughe.com\/wp-content\/uploads\/2024\/06\/DSC02374-HDR.webp\" class=\"attachment-large size-large wp-image-17802\" alt=\"DSC02374-HDR.webp\" srcset=\"https:\/\/hotelterbrughe.com\/wp-content\/uploads\/2024\/06\/DSC02374-HDR.webp 1024w, https:\/\/hotelterbrughe.com\/wp-content\/uploads\/2024\/06\/DSC02374-HDR-300x200.webp 300w, https:\/\/hotelterbrughe.com\/wp-content\/uploads\/2024\/06\/DSC02374-HDR-768x512.webp 768w\" sizes=\"(max-width: 1024px) 100vw, 1024px\" \/>\t\t\t\t\t\t\t\t\t\t\t\t\t\t\t<\/div>\n\t\t\t\t<\/div>\n\t\t\t\t<\/div>\n\t\t\t\t\t<\/div>\n\t\t\t\t<\/div>\n\t\t\t\t<section class=\"elementor-section elementor-top-section elementor-element elementor-element-d77fddb elementor-section-full_width elementor-section-height-default elementor-section-height-default qodef-elementor-content-no\" data-id=\"d77fddb\" data-element_type=\"section\" data-e-type=\"section\">\n\t\t\t\t\t\t<div class=\"elementor-container elementor-column-gap-default\">\n\t\t\t\t\t<div class=\"elementor-column elementor-col-100 elementor-top-column elementor-element elementor-element-7e9f799\" data-id=\"7e9f799\" data-element_type=\"column\" data-e-type=\"column\">\n\t\t\t<div class=\"elementor-widget-wrap elementor-element-populated\">\n\t\t\t\t\t\t<div class=\"elementor-element elementor-element-4c77a1c elementor-widget elementor-widget-augustine_core_section_title\" data-id=\"4c77a1c\" data-element_type=\"widget\" data-e-type=\"widget\" data-widget_type=\"augustine_core_section_title.default\">\n\t\t\t\t<div class=\"elementor-widget-container\">\n\t\t\t\t\t<div class=\"qodef-shortcode qodef-m  qodef-section-title qodef-alignment--center     \">\n\t\t<span class=\"qodef-m-separator\" ><\/span>\n\t\t\t<h3 class=\"qodef-m-title\" >\n\t\t\t\t\tLes Reitjes\t\t\t<\/h3>\n\t\t<\/div>\t\t\t\t<\/div>\n\t\t\t\t<\/div>\n\t\t\t\t\t<\/div>\n\t\t<\/div>\n\t\t\t\t\t<\/div>\n\t\t<\/section>\n\t\t<div class=\"elementor-element elementor-element-c86b0e7 e-flex e-con-boxed e-con e-parent\" data-id=\"c86b0e7\" data-element_type=\"container\" data-e-type=\"container\">\n\t\t\t\t\t<div class=\"e-con-inner\">\n\t\t<div class=\"elementor-element elementor-element-3f75f8d e-con-full e-flex e-con e-child\" data-id=\"3f75f8d\" data-element_type=\"container\" data-e-type=\"container\">\n\t\t\t\t<div class=\"elementor-element elementor-element-be58169 elementor-widget__width-initial elementor-widget-tablet__width-inherit elementor-widget elementor-widget-text-editor\" data-id=\"be58169\" data-element_type=\"widget\" data-e-type=\"widget\" data-widget_type=\"text-editor.default\">\n\t\t\t\t<div class=\"elementor-widget-container\">\n\t\t\t\t\t\t\t\t\t<p style=\"text-align: center;\">Notre h\u00f4tel a un avantage unique : il est situ\u00e9 pr\u00e8s du Reitjes avec une vue \u00e0 couper le souffle. Laissez-vous surprendre par la tranquillit\u00e9 et le charme des environs et cr\u00e9ez des souvenirs inoubliables avec votre famille ou vos amis. <\/p>\t\t\t\t\t\t\t\t<\/div>\n\t\t\t\t<\/div>\n\t\t\t\t<\/div>\n\t\t<div class=\"elementor-element elementor-element-313fb96 e-con-full e-flex e-con e-child\" data-id=\"313fb96\" data-element_type=\"container\" data-e-type=\"container\">\n\t\t\t\t<div class=\"elementor-element elementor-element-8e9dc00 elementor-widget elementor-widget-image\" data-id=\"8e9dc00\" data-element_type=\"widget\" data-e-type=\"widget\" data-widget_type=\"image.default\">\n\t\t\t\t<div class=\"elementor-widget-container\">\n\t\t\t\t\t\t\t\t\t\t\t\t\t\t\t<img decoding=\"async\" width=\"911\" height=\"683\" src=\"https:\/\/hotelterbrughe.com\/wp-content\/uploads\/2024\/06\/0027-_DSF8951-Edit-Melvinkobe-Photography.webp\" class=\"attachment-large size-large wp-image-17872\" alt=\"0027-_DSF8951-Edit-Melvinkobe-Photography.webp\" srcset=\"https:\/\/hotelterbrughe.com\/wp-content\/uploads\/2024\/06\/0027-_DSF8951-Edit-Melvinkobe-Photography.webp 911w, https:\/\/hotelterbrughe.com\/wp-content\/uploads\/2024\/06\/0027-_DSF8951-Edit-Melvinkobe-Photography-300x225.webp 300w, https:\/\/hotelterbrughe.com\/wp-content\/uploads\/2024\/06\/0027-_DSF8951-Edit-Melvinkobe-Photography-768x576.webp 768w\" sizes=\"(max-width: 911px) 100vw, 911px\" \/>\t\t\t\t\t\t\t\t\t\t\t\t\t\t\t<\/div>\n\t\t\t\t<\/div>\n\t\t\t\t<\/div>\n\t\t\t\t\t<\/div>\n\t\t\t\t<\/div>\n\t\t\t\t<\/div>\n\t\t","protected":false},"excerpt":{"rendered":"<p>Bruges par Babette Vous s\u00e9journez \u00e0 Bruges pour une courte dur\u00e9e ou vous ne savez pas par o\u00f9 commencer dans cette belle ville ? Ne vous inqui\u00e9tez pas ! CW Hotel Collection se fera un plaisir de vous proposer une visite guid\u00e9e. Sous le nom BBB, Bruges&rsquo; Basics by Babette, notre coll\u00e8gue brugeoise Babette, qui [&hellip;]<\/p>\n","protected":false},"author":2,"featured_media":0,"parent":0,"menu_order":0,"comment_status":"closed","ping_status":"closed","template":"page-full-width.php","meta":{"footnotes":""},"class_list":["post-17078","page","type-page","status-publish","hentry"],"yoast_head":"<!-- This site is optimized with the Yoast SEO plugin v27.3 - https:\/\/yoast.com\/product\/yoast-seo-wordpress\/ -->\n<title>\u00c9quipements de l&#039;h\u00f4tel Ter Brughe<\/title>\n<meta name=\"description\" content=\"D\u00e9couvrez les prestations de l&#039;H\u00f4tel Ter Brughe. Profitez d&#039;un jardin agr\u00e9able, d&#039;une vue imprenable sur les Reitjes et d&#039;un service client exceptionnel.\" \/>\n<meta name=\"robots\" content=\"index, follow, max-snippet:-1, max-image-preview:large, max-video-preview:-1\" \/>\n<link rel=\"canonical\" href=\"https:\/\/hotelterbrughe.com\/fr\/nos-avantages\/\" \/>\n<meta property=\"og:locale\" content=\"fr_FR\" \/>\n<meta property=\"og:type\" content=\"article\" \/>\n<meta property=\"og:title\" content=\"\u00c9quipements de l&#039;h\u00f4tel Ter Brughe\" \/>\n<meta property=\"og:description\" content=\"D\u00e9couvrez les prestations de l&#039;H\u00f4tel Ter Brughe. Profitez d&#039;un jardin agr\u00e9able, d&#039;une vue imprenable sur les Reitjes et d&#039;un service client exceptionnel.\" \/>\n<meta property=\"og:url\" content=\"https:\/\/hotelterbrughe.com\/fr\/nos-avantages\/\" \/>\n<meta property=\"og:site_name\" content=\"Hotel Ter Brughe\" \/>\n<meta property=\"article:modified_time\" content=\"2026-01-08T10:28:16+00:00\" \/>\n<meta property=\"og:image\" content=\"http:\/\/hotelterbrughe.com\/wp-content\/uploads\/2024\/04\/BbB3.webp\" \/>\n<meta name=\"twitter:card\" content=\"summary_large_image\" \/>\n<meta name=\"twitter:label1\" content=\"Dur\u00e9e de lecture estim\u00e9e\" \/>\n\t<meta name=\"twitter:data1\" content=\"1 minute\" \/>\n<script type=\"application\/ld+json\" class=\"yoast-schema-graph\">{\"@context\":\"https:\\\/\\\/schema.org\",\"@graph\":[{\"@type\":\"WebPage\",\"@id\":\"https:\\\/\\\/hotelterbrughe.com\\\/fr\\\/nos-avantages\\\/\",\"url\":\"https:\\\/\\\/hotelterbrughe.com\\\/fr\\\/nos-avantages\\\/\",\"name\":\"\u00c9quipements de l'h\u00f4tel Ter Brughe\",\"isPartOf\":{\"@id\":\"https:\\\/\\\/cw-hotel-tb.albastria.com\\\/nl\\\/#website\"},\"primaryImageOfPage\":{\"@id\":\"https:\\\/\\\/hotelterbrughe.com\\\/fr\\\/nos-avantages\\\/#primaryimage\"},\"image\":{\"@id\":\"https:\\\/\\\/hotelterbrughe.com\\\/fr\\\/nos-avantages\\\/#primaryimage\"},\"thumbnailUrl\":\"http:\\\/\\\/hotelterbrughe.com\\\/wp-content\\\/uploads\\\/2024\\\/04\\\/BbB3.webp\",\"datePublished\":\"2024-02-10T20:09:48+00:00\",\"dateModified\":\"2026-01-08T10:28:16+00:00\",\"description\":\"D\u00e9couvrez les prestations de l'H\u00f4tel Ter Brughe. Profitez d'un jardin agr\u00e9able, d'une vue imprenable sur les Reitjes et d'un service client exceptionnel.\",\"breadcrumb\":{\"@id\":\"https:\\\/\\\/hotelterbrughe.com\\\/fr\\\/nos-avantages\\\/#breadcrumb\"},\"inLanguage\":\"fr-FR\",\"potentialAction\":[{\"@type\":\"ReadAction\",\"target\":[\"https:\\\/\\\/hotelterbrughe.com\\\/fr\\\/nos-avantages\\\/\"]}]},{\"@type\":\"ImageObject\",\"inLanguage\":\"fr-FR\",\"@id\":\"https:\\\/\\\/hotelterbrughe.com\\\/fr\\\/nos-avantages\\\/#primaryimage\",\"url\":\"http:\\\/\\\/hotelterbrughe.com\\\/wp-content\\\/uploads\\\/2024\\\/04\\\/BbB3.webp\",\"contentUrl\":\"http:\\\/\\\/hotelterbrughe.com\\\/wp-content\\\/uploads\\\/2024\\\/04\\\/BbB3.webp\"},{\"@type\":\"BreadcrumbList\",\"@id\":\"https:\\\/\\\/hotelterbrughe.com\\\/fr\\\/nos-avantages\\\/#breadcrumb\",\"itemListElement\":[{\"@type\":\"ListItem\",\"position\":1,\"name\":\"Home\",\"item\":\"https:\\\/\\\/cw-hotel-tb.albastria.com\\\/fr\\\/\"},{\"@type\":\"ListItem\",\"position\":2,\"name\":\"Nos avantages\"}]},{\"@type\":\"WebSite\",\"@id\":\"https:\\\/\\\/cw-hotel-tb.albastria.com\\\/nl\\\/#website\",\"url\":\"https:\\\/\\\/cw-hotel-tb.albastria.com\\\/nl\\\/\",\"name\":\"Hotel Ter Brughe\",\"description\":\"CW Hotel Collection\",\"potentialAction\":[{\"@type\":\"SearchAction\",\"target\":{\"@type\":\"EntryPoint\",\"urlTemplate\":\"https:\\\/\\\/cw-hotel-tb.albastria.com\\\/nl\\\/?s={search_term_string}\"},\"query-input\":{\"@type\":\"PropertyValueSpecification\",\"valueRequired\":true,\"valueName\":\"search_term_string\"}}],\"inLanguage\":\"fr-FR\"}]}<\/script>\n<!-- \/ Yoast SEO plugin. -->","yoast_head_json":{"title":"\u00c9quipements de l'h\u00f4tel Ter Brughe","description":"D\u00e9couvrez les prestations de l'H\u00f4tel Ter Brughe. Profitez d'un jardin agr\u00e9able, d'une vue imprenable sur les Reitjes et d'un service client exceptionnel.","robots":{"index":"index","follow":"follow","max-snippet":"max-snippet:-1","max-image-preview":"max-image-preview:large","max-video-preview":"max-video-preview:-1"},"canonical":"https:\/\/hotelterbrughe.com\/fr\/nos-avantages\/","og_locale":"fr_FR","og_type":"article","og_title":"\u00c9quipements de l'h\u00f4tel Ter Brughe","og_description":"D\u00e9couvrez les prestations de l'H\u00f4tel Ter Brughe. Profitez d'un jardin agr\u00e9able, d'une vue imprenable sur les Reitjes et d'un service client exceptionnel.","og_url":"https:\/\/hotelterbrughe.com\/fr\/nos-avantages\/","og_site_name":"Hotel Ter Brughe","article_modified_time":"2026-01-08T10:28:16+00:00","og_image":[{"url":"http:\/\/hotelterbrughe.com\/wp-content\/uploads\/2024\/04\/BbB3.webp","type":"","width":"","height":""}],"twitter_card":"summary_large_image","twitter_misc":{"Dur\u00e9e de lecture estim\u00e9e":"1 minute"},"schema":{"@context":"https:\/\/schema.org","@graph":[{"@type":"WebPage","@id":"https:\/\/hotelterbrughe.com\/fr\/nos-avantages\/","url":"https:\/\/hotelterbrughe.com\/fr\/nos-avantages\/","name":"\u00c9quipements de l'h\u00f4tel Ter Brughe","isPartOf":{"@id":"https:\/\/cw-hotel-tb.albastria.com\/nl\/#website"},"primaryImageOfPage":{"@id":"https:\/\/hotelterbrughe.com\/fr\/nos-avantages\/#primaryimage"},"image":{"@id":"https:\/\/hotelterbrughe.com\/fr\/nos-avantages\/#primaryimage"},"thumbnailUrl":"http:\/\/hotelterbrughe.com\/wp-content\/uploads\/2024\/04\/BbB3.webp","datePublished":"2024-02-10T20:09:48+00:00","dateModified":"2026-01-08T10:28:16+00:00","description":"D\u00e9couvrez les prestations de l'H\u00f4tel Ter Brughe. Profitez d'un jardin agr\u00e9able, d'une vue imprenable sur les Reitjes et d'un service client exceptionnel.","breadcrumb":{"@id":"https:\/\/hotelterbrughe.com\/fr\/nos-avantages\/#breadcrumb"},"inLanguage":"fr-FR","potentialAction":[{"@type":"ReadAction","target":["https:\/\/hotelterbrughe.com\/fr\/nos-avantages\/"]}]},{"@type":"ImageObject","inLanguage":"fr-FR","@id":"https:\/\/hotelterbrughe.com\/fr\/nos-avantages\/#primaryimage","url":"http:\/\/hotelterbrughe.com\/wp-content\/uploads\/2024\/04\/BbB3.webp","contentUrl":"http:\/\/hotelterbrughe.com\/wp-content\/uploads\/2024\/04\/BbB3.webp"},{"@type":"BreadcrumbList","@id":"https:\/\/hotelterbrughe.com\/fr\/nos-avantages\/#breadcrumb","itemListElement":[{"@type":"ListItem","position":1,"name":"Home","item":"https:\/\/cw-hotel-tb.albastria.com\/fr\/"},{"@type":"ListItem","position":2,"name":"Nos avantages"}]},{"@type":"WebSite","@id":"https:\/\/cw-hotel-tb.albastria.com\/nl\/#website","url":"https:\/\/cw-hotel-tb.albastria.com\/nl\/","name":"Hotel Ter Brughe","description":"CW Hotel Collection","potentialAction":[{"@type":"SearchAction","target":{"@type":"EntryPoint","urlTemplate":"https:\/\/cw-hotel-tb.albastria.com\/nl\/?s={search_term_string}"},"query-input":{"@type":"PropertyValueSpecification","valueRequired":true,"valueName":"search_term_string"}}],"inLanguage":"fr-FR"}]}},"_links":{"self":[{"href":"https:\/\/hotelterbrughe.com\/fr\/wp-json\/wp\/v2\/pages\/17078","targetHints":{"allow":["GET"]}}],"collection":[{"href":"https:\/\/hotelterbrughe.com\/fr\/wp-json\/wp\/v2\/pages"}],"about":[{"href":"https:\/\/hotelterbrughe.com\/fr\/wp-json\/wp\/v2\/types\/page"}],"author":[{"embeddable":true,"href":"https:\/\/hotelterbrughe.com\/fr\/wp-json\/wp\/v2\/users\/2"}],"replies":[{"embeddable":true,"href":"https:\/\/hotelterbrughe.com\/fr\/wp-json\/wp\/v2\/comments?post=17078"}],"version-history":[{"count":14,"href":"https:\/\/hotelterbrughe.com\/fr\/wp-json\/wp\/v2\/pages\/17078\/revisions"}],"predecessor-version":[{"id":20006,"href":"https:\/\/hotelterbrughe.com\/fr\/wp-json\/wp\/v2\/pages\/17078\/revisions\/20006"}],"wp:attachment":[{"href":"https:\/\/hotelterbrughe.com\/fr\/wp-json\/wp\/v2\/media?parent=17078"}],"curies":[{"name":"wp","href":"https:\/\/api.w.org\/{rel}","templated":true}]}}