{"id":17527,"date":"2020-12-02T11:10:15","date_gmt":"2020-12-02T10:10:15","guid":{"rendered":"https:\/\/hotelterbrughe.com\/ofertas-especiales\/"},"modified":"2026-01-08T14:26:37","modified_gmt":"2026-01-08T13:26:37","slug":"ofertas-especiales","status":"publish","type":"page","link":"https:\/\/hotelterbrughe.com\/es\/ofertas-especiales\/","title":{"rendered":"Ofertas especiales"},"content":{"rendered":"\t\t<div data-elementor-type=\"wp-page\" data-elementor-id=\"17527\" class=\"elementor elementor-17527 elementor-3712\">\n\t\t\t\t<div class=\"elementor-element elementor-element-2ee4496 e-flex e-con-boxed e-con e-parent\" data-id=\"2ee4496\" data-element_type=\"container\" data-e-type=\"container\">\n\t\t\t\t\t<div class=\"e-con-inner\">\n\t\t\t\t<div class=\"elementor-element elementor-element-7ef0955 elementor-widget elementor-widget-augustine_core_section_title\" data-id=\"7ef0955\" data-element_type=\"widget\" data-e-type=\"widget\" data-widget_type=\"augustine_core_section_title.default\">\n\t\t\t\t<div class=\"elementor-widget-container\">\n\t\t\t\t\t<div class=\"qodef-shortcode qodef-m  qodef-section-title qodef-alignment--center    qodef-separator-appear \">\n\t\t<span class=\"qodef-m-separator\" ><\/span>\n\t\t\t\t<\/div>\t\t\t\t<\/div>\n\t\t\t\t<\/div>\n\t\t\t\t<div class=\"elementor-element elementor-element-16d808a elementor-widget elementor-widget-augustine_core_section_title\" data-id=\"16d808a\" data-element_type=\"widget\" data-e-type=\"widget\" data-widget_type=\"augustine_core_section_title.default\">\n\t\t\t\t<div class=\"elementor-widget-container\">\n\t\t\t\t\t<div class=\"qodef-shortcode qodef-m  qodef-section-title qodef-alignment--left    qodef-separator-appear \">\n\t\t\t\t<h3 class=\"qodef-m-title\" style=\"margin-top: 0px\">\n\t\t\t\t\tPromociones, Ofertas y \u00daltima hora\t\t\t<\/h3>\n\t\t<\/div>\t\t\t\t<\/div>\n\t\t\t\t<\/div>\n\t\t\t\t\t<\/div>\n\t\t\t\t<\/div>\n\t\t<div class=\"elementor-element elementor-element-eb541a5 e-flex e-con-boxed e-con e-parent\" data-id=\"eb541a5\" data-element_type=\"container\" data-e-type=\"container\">\n\t\t\t\t\t<div class=\"e-con-inner\">\n\t\t\t\t<div class=\"elementor-element elementor-element-4f7f362 elementor-widget elementor-widget-text-editor\" data-id=\"4f7f362\" data-element_type=\"widget\" data-e-type=\"widget\" data-widget_type=\"text-editor.default\">\n\t\t\t\t<div class=\"elementor-widget-container\">\n\t\t\t\t\t\t\t\t\t<p>Descubre promociones exclusivas para tu estancia. Desde ofertas de temporada a ofertas por tiempo limitado, desbloquea ahorros y eleva tu experiencia con nosotros. <\/p>\t\t\t\t\t\t\t\t<\/div>\n\t\t\t\t<\/div>\n\t\t\t\t\t<\/div>\n\t\t\t\t<\/div>\n\t\t<div class=\"elementor-element elementor-element-3a41446 e-flex e-con-boxed e-con e-parent\" data-id=\"3a41446\" data-element_type=\"container\" data-e-type=\"container\">\n\t\t\t\t\t<div class=\"e-con-inner\">\n\t\t\t\t<div class=\"elementor-element elementor-element-f46d588 elementor-widget__width-inherit elementor-widget elementor-widget-augustine_core_section_title\" data-id=\"f46d588\" data-element_type=\"widget\" data-e-type=\"widget\" data-widget_type=\"augustine_core_section_title.default\">\n\t\t\t\t<div class=\"elementor-widget-container\">\n\t\t\t\t\t<div class=\"qodef-shortcode qodef-m  qodef-section-title qodef-alignment--center    qodef-separator-appear \">\n\t\t<span class=\"qodef-m-separator\" ><\/span>\n\t\t\t<h5 class=\"qodef-m-title\" >\n\t\t\t\t\tEn este momento no hay ofertas especiales.\t\t\t<\/h5>\n\t\t<\/div>\t\t\t\t<\/div>\n\t\t\t\t<\/div>\n\t\t\t\t\t<\/div>\n\t\t\t\t<\/div>\n\t\t<div class=\"elementor-element elementor-element-32c0c05 e-flex e-con-boxed e-con e-parent\" data-id=\"32c0c05\" data-element_type=\"container\" data-e-type=\"container\">\n\t\t\t\t\t<div class=\"e-con-inner\">\n\t\t\t\t<div class=\"elementor-element elementor-element-3574ffa elementor-widget__width-inherit elementor-widget elementor-widget-augustine_core_section_title\" data-id=\"3574ffa\" data-element_type=\"widget\" data-e-type=\"widget\" data-widget_type=\"augustine_core_section_title.default\">\n\t\t\t\t<div class=\"elementor-widget-container\">\n\t\t\t\t\t<div class=\"qodef-shortcode qodef-m  qodef-section-title qodef-alignment--center    qodef-separator-appear \">\n\t\t<span class=\"qodef-m-separator\" ><\/span>\n\t\t\t\t<\/div>\t\t\t\t<\/div>\n\t\t\t\t<\/div>\n\t\t\t\t<div class=\"elementor-element elementor-element-4f28dc0 elementor-widget elementor-widget-augustine_core_section_title\" data-id=\"4f28dc0\" data-element_type=\"widget\" data-e-type=\"widget\" data-widget_type=\"augustine_core_section_title.default\">\n\t\t\t\t<div class=\"elementor-widget-container\">\n\t\t\t\t\t<div class=\"qodef-shortcode qodef-m  qodef-section-title qodef-alignment--center    qodef-separator-appear \">\n\t\t\t\t<h5 class=\"qodef-m-title\" style=\"margin-top: 0px\">\n\t\t\t\t\t\u00a1S\u00e9 el primero en saberlo!\t\t\t<\/h5>\n\t\t<\/div>\t\t\t\t<\/div>\n\t\t\t\t<\/div>\n\t\t\t\t<div class=\"elementor-element elementor-element-a271254 elementor-widget elementor-widget-text-editor\" data-id=\"a271254\" data-element_type=\"widget\" data-e-type=\"widget\" data-widget_type=\"text-editor.default\">\n\t\t\t\t<div class=\"elementor-widget-container\">\n\t\t\t\t\t\t\t\t\t<p>\u00a1NO TE PIERDAS nuestras promociones especiales! \u00danete a nuestro bolet\u00edn y te enviaremos un mensaje por adelantado, \u00a1en cuanto haya una nueva promoci\u00f3n u oferta de \u00faltima hora! <br>S\u00f3lo tienes que utilizar el siguiente formulario:<\/p>\t\t\t\t\t\t\t\t<\/div>\n\t\t\t\t<\/div>\n\t\t\t\t\t<\/div>\n\t\t\t\t<\/div>\n\t\t<div class=\"elementor-element elementor-element-6bcc6c9 e-flex e-con-boxed e-con e-parent\" data-id=\"6bcc6c9\" data-element_type=\"container\" data-e-type=\"container\">\n\t\t\t\t\t<div class=\"e-con-inner\">\n\t\t\t\t<div class=\"elementor-element elementor-element-41a1963 elementor-widget elementor-widget-shortcode\" data-id=\"41a1963\" data-element_type=\"widget\" data-e-type=\"widget\" data-widget_type=\"shortcode.default\">\n\t\t\t\t<div class=\"elementor-widget-container\">\n\t\t\t\t\t\t\t<div class=\"elementor-shortcode\">\n\t\t\t<form id=\"sib_signup_form_7\" method=\"post\" class=\"sib_signup_form\">\n\t\t\t\t<div class=\"sib_loader\" style=\"display:none;\"><img\n\t\t\t\t\t\t\tsrc=\"https:\/\/hotelterbrughe.com\/wp-includes\/images\/spinner.gif\" alt=\"loader\"><\/div>\n\t\t\t\t<input type=\"hidden\" name=\"sib_form_action\" value=\"subscribe_form_submit\">\n\t\t\t\t<input type=\"hidden\" name=\"sib_form_id\" value=\"7\">\n                <input type=\"hidden\" name=\"sib_form_alert_notice\" value=\"Please fill out this field\">\n                <input type=\"hidden\" name=\"sib_form_invalid_email_notice\" value=\"Your email address is invalid\">\n                <input type=\"hidden\" name=\"sib_security\" value=\"594e454a4e\">\n\t\t\t\t<div class=\"sib_signup_box_inside_7\">\n\t\t\t\t\t<div style=\"\/*display:none*\/\" class=\"sib_msg_disp\">\n\t\t\t\t\t<\/div>\n                    \t\t\t\t\t<div class=\"qodef-grid qodef-layout--template qodef-cf-contact-us\">\r\n<div class=\"qodef-grid-inner\">\r\n<div class=\"qodef-grid-item qodef-col--6\">\r\n<span class=\"wpcf7-form-control-wrap\"><input size=\"40\" class=\"wpcf7-form-control wpcf7-text wpcf7-validates-as-required\" placeholder=\"Your name...\" value=\"\" type=\"text\" name=\"FULLNAME\" required=\"required\"><\/span>\r\n<\/div>\r\n<div class=\"qodef-grid-item qodef-col--6\">\r\n<span class=\"wpcf7-form-control-wrap\"><input size=\"40\" class=\"wpcf7-form-control wpcf7-email wpcf7-validates-as-required wpcf7-text wpcf7-validates-as-email\" placeholder=\"Type your email...\" value=\"\" type=\"email\" name=\"email\" required=\"required\"><\/span>\r\n<\/div>\r\n<div class=\"qodef-grid-item qodef-col--12\" style=\"text-align: center\">\r\n<span class=\"wpcf7-form-control-wrap\" data-name=\"checkbox-544\"><span class=\"wpcf7-form-control wpcf7-checkbox wpcf7-validates-as-required\"><span class=\"wpcf7-list-item first last\"><label><input type=\"checkbox\" name=\"checkbox-544[]\" value=\"I agree to the terms &amp; conditions\" required=\"required\"><span class=\"wpcf7-list-item-label\">I agree to the terms &amp; conditions<\/span><\/label><\/span><\/span><\/span>\r\n<\/div>\r\n\r\n<div class=\"qodef-grid-item qodef-col--12\" style=\"display: flex;justify-content: center\">\r\n<button class=\"wpcf7-form-control wpcf7-submit qodef-layout--outlined qodef-margin-45 qodef-button qodef-size--normal qodef-type--outlined qodef-m\" type=\"submit\"><span class=\"qodef-m-text\">Join Now<\/span><\/button>\r\n<\/div>\r\n<\/div>\r\n<\/div>\t\t\t\t<\/div>\n\t\t\t<\/form>\n\t\t\t<style>\n\t\t\t\tform#sib_signup_form_7 p.sib-alert-message {\n    padding: 6px 12px;\n    margin-bottom: 20px;\n    border: 1px solid transparent;\n    border-radius: 4px;\n    -webkit-box-sizing: border-box;\n    -moz-box-sizing: border-box;\n    box-sizing: border-box;\n}\nform#sib_signup_form_7 p.sib-alert-message-error {\n    background-color: #f2dede;\n    border-color: #ebccd1;\n    color: #a94442;\n}\nform#sib_signup_form_7 p.sib-alert-message-success {\n    background-color: #dff0d8;\n    border-color: #d6e9c6;\n    color: #3c763d;\n}\nform#sib_signup_form_7 p.sib-alert-message-warning {\n    background-color: #fcf8e3;\n    border-color: #faebcc;\n    color: #8a6d3b;\n}\n\t\t\t<\/style>\n\t\t\t<\/div>\n\t\t\t\t\t\t<\/div>\n\t\t\t\t<\/div>\n\t\t\t\t\t<\/div>\n\t\t\t\t<\/div>\n\t\t\t\t<\/div>\n\t\t","protected":false},"excerpt":{"rendered":"<p>Promociones, Ofertas y \u00daltima hora Descubre promociones exclusivas para tu estancia. Desde ofertas de temporada a ofertas por tiempo limitado, desbloquea ahorros y eleva tu experiencia con nosotros. En este momento no hay ofertas especiales. \u00a1S\u00e9 el primero en saberlo! \u00a1NO TE PIERDAS nuestras promociones especiales! \u00danete a nuestro bolet\u00edn y te enviaremos un mensaje [&hellip;]<\/p>\n","protected":false},"author":2,"featured_media":0,"parent":0,"menu_order":0,"comment_status":"closed","ping_status":"closed","template":"page-full-width.php","meta":{"footnotes":""},"class_list":["post-17527","page","type-page","status-publish","hentry"],"yoast_head":"<!-- This site is optimized with the Yoast SEO plugin v27.3 - https:\/\/yoast.com\/product\/yoast-seo-wordpress\/ -->\n<title>Ofertas especiales - Hotel Ter Brughe en Brujas<\/title>\n<meta name=\"description\" content=\"Descubra las ofertas especiales del Hotel Ter Brughe, en Brujas. Disfrute de promociones de temporada y ofertas exclusivas para una estancia inolvidable junto a los canales.\" \/>\n<meta name=\"robots\" content=\"index, follow, max-snippet:-1, max-image-preview:large, max-video-preview:-1\" \/>\n<link rel=\"canonical\" href=\"https:\/\/hotelterbrughe.com\/es\/ofertas-especiales\/\" \/>\n<meta property=\"og:locale\" content=\"es_ES\" \/>\n<meta property=\"og:type\" content=\"article\" \/>\n<meta property=\"og:title\" content=\"Ofertas especiales - Hotel Ter Brughe en Brujas\" \/>\n<meta property=\"og:description\" content=\"Descubra las ofertas especiales del Hotel Ter Brughe, en Brujas. Disfrute de promociones de temporada y ofertas exclusivas para una estancia inolvidable junto a los canales.\" \/>\n<meta property=\"og:url\" content=\"https:\/\/hotelterbrughe.com\/es\/ofertas-especiales\/\" \/>\n<meta property=\"og:site_name\" content=\"Hotel Ter Brughe\" \/>\n<meta property=\"article:modified_time\" content=\"2026-01-08T13:26:37+00:00\" \/>\n<meta name=\"twitter:card\" content=\"summary_large_image\" \/>\n<script type=\"application\/ld+json\" class=\"yoast-schema-graph\">{\"@context\":\"https:\\\/\\\/schema.org\",\"@graph\":[{\"@type\":\"WebPage\",\"@id\":\"https:\\\/\\\/hotelterbrughe.com\\\/es\\\/ofertas-especiales\\\/\",\"url\":\"https:\\\/\\\/hotelterbrughe.com\\\/es\\\/ofertas-especiales\\\/\",\"name\":\"Ofertas especiales - Hotel Ter Brughe en Brujas\",\"isPartOf\":{\"@id\":\"https:\\\/\\\/cw-hotel-tb.albastria.com\\\/nl\\\/#website\"},\"datePublished\":\"2020-12-02T10:10:15+00:00\",\"dateModified\":\"2026-01-08T13:26:37+00:00\",\"description\":\"Descubra las ofertas especiales del Hotel Ter Brughe, en Brujas. Disfrute de promociones de temporada y ofertas exclusivas para una estancia inolvidable junto a los canales.\",\"breadcrumb\":{\"@id\":\"https:\\\/\\\/hotelterbrughe.com\\\/es\\\/ofertas-especiales\\\/#breadcrumb\"},\"inLanguage\":\"es\",\"potentialAction\":[{\"@type\":\"ReadAction\",\"target\":[\"https:\\\/\\\/hotelterbrughe.com\\\/es\\\/ofertas-especiales\\\/\"]}]},{\"@type\":\"BreadcrumbList\",\"@id\":\"https:\\\/\\\/hotelterbrughe.com\\\/es\\\/ofertas-especiales\\\/#breadcrumb\",\"itemListElement\":[{\"@type\":\"ListItem\",\"position\":1,\"name\":\"Home\",\"item\":\"https:\\\/\\\/hotelterbrughe.com\\\/es\\\/\"},{\"@type\":\"ListItem\",\"position\":2,\"name\":\"Ofertas especiales\"}]},{\"@type\":\"WebSite\",\"@id\":\"https:\\\/\\\/cw-hotel-tb.albastria.com\\\/nl\\\/#website\",\"url\":\"https:\\\/\\\/cw-hotel-tb.albastria.com\\\/nl\\\/\",\"name\":\"Hotel Ter Brughe\",\"description\":\"CW Hotel Collection\",\"potentialAction\":[{\"@type\":\"SearchAction\",\"target\":{\"@type\":\"EntryPoint\",\"urlTemplate\":\"https:\\\/\\\/cw-hotel-tb.albastria.com\\\/nl\\\/?s={search_term_string}\"},\"query-input\":{\"@type\":\"PropertyValueSpecification\",\"valueRequired\":true,\"valueName\":\"search_term_string\"}}],\"inLanguage\":\"es\"}]}<\/script>\n<!-- \/ Yoast SEO plugin. -->","yoast_head_json":{"title":"Ofertas especiales - Hotel Ter Brughe en Brujas","description":"Descubra las ofertas especiales del Hotel Ter Brughe, en Brujas. Disfrute de promociones de temporada y ofertas exclusivas para una estancia inolvidable junto a los canales.","robots":{"index":"index","follow":"follow","max-snippet":"max-snippet:-1","max-image-preview":"max-image-preview:large","max-video-preview":"max-video-preview:-1"},"canonical":"https:\/\/hotelterbrughe.com\/es\/ofertas-especiales\/","og_locale":"es_ES","og_type":"article","og_title":"Ofertas especiales - Hotel Ter Brughe en Brujas","og_description":"Descubra las ofertas especiales del Hotel Ter Brughe, en Brujas. Disfrute de promociones de temporada y ofertas exclusivas para una estancia inolvidable junto a los canales.","og_url":"https:\/\/hotelterbrughe.com\/es\/ofertas-especiales\/","og_site_name":"Hotel Ter Brughe","article_modified_time":"2026-01-08T13:26:37+00:00","twitter_card":"summary_large_image","schema":{"@context":"https:\/\/schema.org","@graph":[{"@type":"WebPage","@id":"https:\/\/hotelterbrughe.com\/es\/ofertas-especiales\/","url":"https:\/\/hotelterbrughe.com\/es\/ofertas-especiales\/","name":"Ofertas especiales - Hotel Ter Brughe en Brujas","isPartOf":{"@id":"https:\/\/cw-hotel-tb.albastria.com\/nl\/#website"},"datePublished":"2020-12-02T10:10:15+00:00","dateModified":"2026-01-08T13:26:37+00:00","description":"Descubra las ofertas especiales del Hotel Ter Brughe, en Brujas. Disfrute de promociones de temporada y ofertas exclusivas para una estancia inolvidable junto a los canales.","breadcrumb":{"@id":"https:\/\/hotelterbrughe.com\/es\/ofertas-especiales\/#breadcrumb"},"inLanguage":"es","potentialAction":[{"@type":"ReadAction","target":["https:\/\/hotelterbrughe.com\/es\/ofertas-especiales\/"]}]},{"@type":"BreadcrumbList","@id":"https:\/\/hotelterbrughe.com\/es\/ofertas-especiales\/#breadcrumb","itemListElement":[{"@type":"ListItem","position":1,"name":"Home","item":"https:\/\/hotelterbrughe.com\/es\/"},{"@type":"ListItem","position":2,"name":"Ofertas especiales"}]},{"@type":"WebSite","@id":"https:\/\/cw-hotel-tb.albastria.com\/nl\/#website","url":"https:\/\/cw-hotel-tb.albastria.com\/nl\/","name":"Hotel Ter Brughe","description":"CW Hotel Collection","potentialAction":[{"@type":"SearchAction","target":{"@type":"EntryPoint","urlTemplate":"https:\/\/cw-hotel-tb.albastria.com\/nl\/?s={search_term_string}"},"query-input":{"@type":"PropertyValueSpecification","valueRequired":true,"valueName":"search_term_string"}}],"inLanguage":"es"}]}},"_links":{"self":[{"href":"https:\/\/hotelterbrughe.com\/es\/wp-json\/wp\/v2\/pages\/17527","targetHints":{"allow":["GET"]}}],"collection":[{"href":"https:\/\/hotelterbrughe.com\/es\/wp-json\/wp\/v2\/pages"}],"about":[{"href":"https:\/\/hotelterbrughe.com\/es\/wp-json\/wp\/v2\/types\/page"}],"author":[{"embeddable":true,"href":"https:\/\/hotelterbrughe.com\/es\/wp-json\/wp\/v2\/users\/2"}],"replies":[{"embeddable":true,"href":"https:\/\/hotelterbrughe.com\/es\/wp-json\/wp\/v2\/comments?post=17527"}],"version-history":[{"count":9,"href":"https:\/\/hotelterbrughe.com\/es\/wp-json\/wp\/v2\/pages\/17527\/revisions"}],"predecessor-version":[{"id":19506,"href":"https:\/\/hotelterbrughe.com\/es\/wp-json\/wp\/v2\/pages\/17527\/revisions\/19506"}],"wp:attachment":[{"href":"https:\/\/hotelterbrughe.com\/es\/wp-json\/wp\/v2\/media?parent=17527"}],"curies":[{"name":"wp","href":"https:\/\/api.w.org\/{rel}","templated":true}]}}