{"id":17326,"date":"2024-02-10T21:09:48","date_gmt":"2024-02-10T20:09:48","guid":{"rendered":"https:\/\/hotelterbrughe.com\/unsere-vorteile\/"},"modified":"2026-01-08T11:28:16","modified_gmt":"2026-01-08T10:28:16","slug":"unsere-vorteile","status":"publish","type":"page","link":"https:\/\/hotelterbrughe.com\/de\/unsere-vorteile\/","title":{"rendered":"Unsere Vorteile"},"content":{"rendered":"\t\t<div data-elementor-type=\"wp-page\" data-elementor-id=\"17326\" class=\"elementor elementor-17326 elementor-11273\">\n\t\t\t\t\t\t<section class=\"elementor-section elementor-top-section elementor-element elementor-element-16ff598c elementor-section-full_width elementor-section-height-default elementor-section-height-default qodef-elementor-content-no\" data-id=\"16ff598c\" data-element_type=\"section\" data-e-type=\"section\">\n\t\t\t\t\t\t<div class=\"elementor-container elementor-column-gap-default\">\n\t\t\t\t\t<div class=\"elementor-column elementor-col-100 elementor-top-column elementor-element elementor-element-790400d4\" data-id=\"790400d4\" data-element_type=\"column\" data-e-type=\"column\">\n\t\t\t<div class=\"elementor-widget-wrap elementor-element-populated\">\n\t\t\t\t\t\t<div class=\"elementor-element elementor-element-74446db elementor-widget elementor-widget-augustine_core_section_title\" data-id=\"74446db\" data-element_type=\"widget\" data-e-type=\"widget\" data-widget_type=\"augustine_core_section_title.default\">\n\t\t\t\t<div class=\"elementor-widget-container\">\n\t\t\t\t\t<div class=\"qodef-shortcode qodef-m  qodef-section-title qodef-alignment--center     \">\n\t\t<span class=\"qodef-m-separator\" ><\/span>\n\t\t\t<h3 class=\"qodef-m-title\" >\n\t\t\t\t\tBr\u00fcgge bei Babette \t\t\t<\/h3>\n\t\t<\/div>\t\t\t\t<\/div>\n\t\t\t\t<\/div>\n\t\t\t\t\t<\/div>\n\t\t<\/div>\n\t\t\t\t\t<\/div>\n\t\t<\/section>\n\t\t<div class=\"elementor-element elementor-element-0094e7b e-flex e-con-boxed e-con e-parent\" data-id=\"0094e7b\" data-element_type=\"container\" data-e-type=\"container\">\n\t\t\t\t\t<div class=\"e-con-inner\">\n\t\t<div class=\"elementor-element elementor-element-e3118b4 e-con-full e-flex e-con e-child\" data-id=\"e3118b4\" data-element_type=\"container\" data-e-type=\"container\">\n\t\t\t\t<div class=\"elementor-element elementor-element-c32bd84 elementor-widget elementor-widget-image\" data-id=\"c32bd84\" data-element_type=\"widget\" data-e-type=\"widget\" data-widget_type=\"image.default\">\n\t\t\t\t<div class=\"elementor-widget-container\">\n\t\t\t\t\t\t\t\t\t\t\t\t\t\t\t<img fetchpriority=\"high\" decoding=\"async\" width=\"1024\" height=\"683\" src=\"https:\/\/hotelterbrughe.com\/wp-content\/uploads\/2024\/04\/BbB3.webp\" class=\"attachment-large size-large wp-image-17980\" alt=\"BbB3.webp\" srcset=\"https:\/\/hotelterbrughe.com\/wp-content\/uploads\/2024\/04\/BbB3.webp 1024w, https:\/\/hotelterbrughe.com\/wp-content\/uploads\/2024\/04\/BbB3-300x200.webp 300w, https:\/\/hotelterbrughe.com\/wp-content\/uploads\/2024\/04\/BbB3-768x512.webp 768w\" sizes=\"(max-width: 1024px) 100vw, 1024px\" \/>\t\t\t\t\t\t\t\t\t\t\t\t\t\t\t<\/div>\n\t\t\t\t<\/div>\n\t\t\t\t<\/div>\n\t\t<div class=\"elementor-element elementor-element-1f8aa67 e-con-full e-flex e-con e-child\" data-id=\"1f8aa67\" data-element_type=\"container\" data-e-type=\"container\">\n\t\t\t\t<div class=\"elementor-element elementor-element-af913ee elementor-widget__width-initial elementor-widget-tablet__width-inherit elementor-widget elementor-widget-text-editor\" data-id=\"af913ee\" data-element_type=\"widget\" data-e-type=\"widget\" data-widget_type=\"text-editor.default\">\n\t\t\t\t<div class=\"elementor-widget-container\">\n\t\t\t\t\t\t\t\t\t<p>Bleiben Sie nur kurz in Br\u00fcgge oder wissen Sie nicht, wo Sie in dieser sch\u00f6nen Stadt anfangen sollen?<\/p><p>Machen Sie sich keine Sorgen! CW Hotel Collection w\u00fcrde sich freuen, Ihnen eine F\u00fchrung anbieten zu k\u00f6nnen. Unter dem Namen BBB, Bruges&#8216; Basics by Babette, zeigt Ihnen unsere Br\u00fcgger Kollegin Babette, die im Hotel De Orangerie arbeitet, die Highlights von Br\u00fcgge, die Sie unbedingt sehen m\u00fcssen, bevor Sie nach Hause fahren.<\/p><p>Dazu geh\u00f6ren grundlegende Erkl\u00e4rungen und interessante Fakten auf dem Weg. Wenn Sie Interesse haben, wenden Sie sich bitte an die Rezeption. Wir helfen Ihnen gerne bei der Auswahl eines Termins.  <\/p>\t\t\t\t\t\t\t\t<\/div>\n\t\t\t\t<\/div>\n\t\t\t\t<\/div>\n\t\t\t\t\t<\/div>\n\t\t\t\t<\/div>\n\t\t\t\t<section class=\"elementor-section elementor-top-section elementor-element elementor-element-4cf7fc7 elementor-section-full_width elementor-section-height-default elementor-section-height-default qodef-elementor-content-no\" data-id=\"4cf7fc7\" data-element_type=\"section\" data-e-type=\"section\">\n\t\t\t\t\t\t<div class=\"elementor-container elementor-column-gap-default\">\n\t\t\t\t\t<div class=\"elementor-column elementor-col-100 elementor-top-column elementor-element elementor-element-e022a80\" data-id=\"e022a80\" data-element_type=\"column\" data-e-type=\"column\">\n\t\t\t<div class=\"elementor-widget-wrap elementor-element-populated\">\n\t\t\t\t\t\t<div class=\"elementor-element elementor-element-e757449 elementor-widget elementor-widget-augustine_core_section_title\" data-id=\"e757449\" data-element_type=\"widget\" data-e-type=\"widget\" data-widget_type=\"augustine_core_section_title.default\">\n\t\t\t\t<div class=\"elementor-widget-container\">\n\t\t\t\t\t<div class=\"qodef-shortcode qodef-m  qodef-section-title qodef-alignment--center     \">\n\t\t<span class=\"qodef-m-separator\" ><\/span>\n\t\t\t<h3 class=\"qodef-m-title\" >\n\t\t\t\t\tUnser gem\u00fctlicher Garten\t\t\t<\/h3>\n\t\t<\/div>\t\t\t\t<\/div>\n\t\t\t\t<\/div>\n\t\t\t\t\t<\/div>\n\t\t<\/div>\n\t\t\t\t\t<\/div>\n\t\t<\/section>\n\t\t<div class=\"elementor-element elementor-element-5ab9dab e-flex e-con-boxed e-con e-parent\" data-id=\"5ab9dab\" data-element_type=\"container\" data-e-type=\"container\">\n\t\t\t\t\t<div class=\"e-con-inner\">\n\t\t<div class=\"elementor-element elementor-element-f665e85 e-con-full e-flex e-con e-child\" data-id=\"f665e85\" data-element_type=\"container\" data-e-type=\"container\">\n\t\t\t\t<div class=\"elementor-element elementor-element-7f005ba elementor-widget__width-initial elementor-widget-tablet__width-inherit elementor-widget elementor-widget-text-editor\" data-id=\"7f005ba\" data-element_type=\"widget\" data-e-type=\"widget\" data-widget_type=\"text-editor.default\">\n\t\t\t\t<div class=\"elementor-widget-container\">\n\t\t\t\t\t\t\t\t\t<p style=\"text-align: center;\">Entdecken Sie unseren gem\u00fctlichen Garten, eine gr\u00fcne Oase, in der Sie sich nach einem anstrengenden Tag bei einem k\u00f6stlichen Getr\u00e4nk und wohlverdienter Entspannung entspannen k\u00f6nnen.<\/p>\t\t\t\t\t\t\t\t<\/div>\n\t\t\t\t<\/div>\n\t\t\t\t<\/div>\n\t\t<div class=\"elementor-element elementor-element-9e5df02 e-con-full e-flex e-con e-child\" data-id=\"9e5df02\" data-element_type=\"container\" data-e-type=\"container\">\n\t\t\t\t<div class=\"elementor-element elementor-element-401f9d4 elementor-widget elementor-widget-image\" data-id=\"401f9d4\" data-element_type=\"widget\" data-e-type=\"widget\" data-widget_type=\"image.default\">\n\t\t\t\t<div class=\"elementor-widget-container\">\n\t\t\t\t\t\t\t\t\t\t\t\t\t\t\t<img decoding=\"async\" width=\"1024\" height=\"683\" src=\"https:\/\/hotelterbrughe.com\/wp-content\/uploads\/2024\/06\/DSC02374-HDR.webp\" class=\"attachment-large size-large wp-image-17803\" alt=\"DSC02374-HDR.webp\" srcset=\"https:\/\/hotelterbrughe.com\/wp-content\/uploads\/2024\/06\/DSC02374-HDR.webp 1024w, https:\/\/hotelterbrughe.com\/wp-content\/uploads\/2024\/06\/DSC02374-HDR-300x200.webp 300w, https:\/\/hotelterbrughe.com\/wp-content\/uploads\/2024\/06\/DSC02374-HDR-768x512.webp 768w\" sizes=\"(max-width: 1024px) 100vw, 1024px\" \/>\t\t\t\t\t\t\t\t\t\t\t\t\t\t\t<\/div>\n\t\t\t\t<\/div>\n\t\t\t\t<\/div>\n\t\t\t\t\t<\/div>\n\t\t\t\t<\/div>\n\t\t\t\t<section class=\"elementor-section elementor-top-section elementor-element elementor-element-d77fddb elementor-section-full_width elementor-section-height-default elementor-section-height-default qodef-elementor-content-no\" data-id=\"d77fddb\" data-element_type=\"section\" data-e-type=\"section\">\n\t\t\t\t\t\t<div class=\"elementor-container elementor-column-gap-default\">\n\t\t\t\t\t<div class=\"elementor-column elementor-col-100 elementor-top-column elementor-element elementor-element-7e9f799\" data-id=\"7e9f799\" data-element_type=\"column\" data-e-type=\"column\">\n\t\t\t<div class=\"elementor-widget-wrap elementor-element-populated\">\n\t\t\t\t\t\t<div class=\"elementor-element elementor-element-4c77a1c elementor-widget elementor-widget-augustine_core_section_title\" data-id=\"4c77a1c\" data-element_type=\"widget\" data-e-type=\"widget\" data-widget_type=\"augustine_core_section_title.default\">\n\t\t\t\t<div class=\"elementor-widget-container\">\n\t\t\t\t\t<div class=\"qodef-shortcode qodef-m  qodef-section-title qodef-alignment--center     \">\n\t\t<span class=\"qodef-m-separator\" ><\/span>\n\t\t\t<h3 class=\"qodef-m-title\" >\n\t\t\t\t\tDie Reitjes\t\t\t<\/h3>\n\t\t<\/div>\t\t\t\t<\/div>\n\t\t\t\t<\/div>\n\t\t\t\t\t<\/div>\n\t\t<\/div>\n\t\t\t\t\t<\/div>\n\t\t<\/section>\n\t\t<div class=\"elementor-element elementor-element-c86b0e7 e-flex e-con-boxed e-con e-parent\" data-id=\"c86b0e7\" data-element_type=\"container\" data-e-type=\"container\">\n\t\t\t\t\t<div class=\"e-con-inner\">\n\t\t<div class=\"elementor-element elementor-element-3f75f8d e-con-full e-flex e-con e-child\" data-id=\"3f75f8d\" data-element_type=\"container\" data-e-type=\"container\">\n\t\t\t\t<div class=\"elementor-element elementor-element-be58169 elementor-widget__width-initial elementor-widget-tablet__width-inherit elementor-widget elementor-widget-text-editor\" data-id=\"be58169\" data-element_type=\"widget\" data-e-type=\"widget\" data-widget_type=\"text-editor.default\">\n\t\t\t\t<div class=\"elementor-widget-container\">\n\t\t\t\t\t\t\t\t\t<p style=\"text-align: center;\">Unser Hotel hat einen einzigartigen Vorteil: Es liegt in der N\u00e4he des Reitjes mit einer atemberaubenden Aussicht. Lassen Sie sich von der Ruhe und dem Charme der Umgebung \u00fcberraschen und schaffen Sie unvergessliche Erinnerungen mit Ihrer Familie oder Ihren Freunden. <\/p>\t\t\t\t\t\t\t\t<\/div>\n\t\t\t\t<\/div>\n\t\t\t\t<\/div>\n\t\t<div class=\"elementor-element elementor-element-313fb96 e-con-full e-flex e-con e-child\" data-id=\"313fb96\" data-element_type=\"container\" data-e-type=\"container\">\n\t\t\t\t<div class=\"elementor-element elementor-element-8e9dc00 elementor-widget elementor-widget-image\" data-id=\"8e9dc00\" data-element_type=\"widget\" data-e-type=\"widget\" data-widget_type=\"image.default\">\n\t\t\t\t<div class=\"elementor-widget-container\">\n\t\t\t\t\t\t\t\t\t\t\t\t\t\t\t<img decoding=\"async\" width=\"911\" height=\"683\" src=\"https:\/\/hotelterbrughe.com\/wp-content\/uploads\/2024\/06\/0027-_DSF8951-Edit-Melvinkobe-Photography.webp\" class=\"attachment-large size-large wp-image-17873\" alt=\"0027-_DSF8951-Edit-Melvinkobe-Photography.webp\" srcset=\"https:\/\/hotelterbrughe.com\/wp-content\/uploads\/2024\/06\/0027-_DSF8951-Edit-Melvinkobe-Photography.webp 911w, https:\/\/hotelterbrughe.com\/wp-content\/uploads\/2024\/06\/0027-_DSF8951-Edit-Melvinkobe-Photography-300x225.webp 300w, https:\/\/hotelterbrughe.com\/wp-content\/uploads\/2024\/06\/0027-_DSF8951-Edit-Melvinkobe-Photography-768x576.webp 768w\" sizes=\"(max-width: 911px) 100vw, 911px\" \/>\t\t\t\t\t\t\t\t\t\t\t\t\t\t\t<\/div>\n\t\t\t\t<\/div>\n\t\t\t\t<\/div>\n\t\t\t\t\t<\/div>\n\t\t\t\t<\/div>\n\t\t\t\t<\/div>\n\t\t","protected":false},"excerpt":{"rendered":"<p>Br\u00fcgge bei Babette Bleiben Sie nur kurz in Br\u00fcgge oder wissen Sie nicht, wo Sie in dieser sch\u00f6nen Stadt anfangen sollen? Machen Sie sich keine Sorgen! CW Hotel Collection w\u00fcrde sich freuen, Ihnen eine F\u00fchrung anbieten zu k\u00f6nnen. Unter dem Namen BBB, Bruges&#8216; Basics by Babette, zeigt Ihnen unsere Br\u00fcgger Kollegin Babette, die im Hotel [&hellip;]<\/p>\n","protected":false},"author":2,"featured_media":0,"parent":0,"menu_order":0,"comment_status":"closed","ping_status":"closed","template":"page-full-width.php","meta":{"footnotes":""},"class_list":["post-17326","page","type-page","status-publish","hentry"],"yoast_head":"<!-- This site is optimized with the Yoast SEO plugin v27.3 - https:\/\/yoast.com\/product\/yoast-seo-wordpress\/ -->\n<title>Ausstattung Hotel Ter Brughe<\/title>\n<meta name=\"description\" content=\"Entdecken Sie die Annehmlichkeiten des Hotel Ter Brughe. Genie\u00dfen Sie einen gem\u00fctlichen Garten, einen atemberaubenden Blick auf die Reitjes und einen au\u00dfergew\u00f6hnlichen G\u00e4steservice.\" \/>\n<meta name=\"robots\" content=\"index, follow, max-snippet:-1, max-image-preview:large, max-video-preview:-1\" \/>\n<link rel=\"canonical\" href=\"https:\/\/cw-hotel-tb.albastria.com\/de\/unsere-vorteile\/\" \/>\n<meta property=\"og:locale\" content=\"de_DE\" \/>\n<meta property=\"og:type\" content=\"article\" \/>\n<meta property=\"og:title\" content=\"Ausstattung Hotel Ter Brughe\" \/>\n<meta property=\"og:description\" content=\"Entdecken Sie die Annehmlichkeiten des Hotel Ter Brughe. Genie\u00dfen Sie einen gem\u00fctlichen Garten, einen atemberaubenden Blick auf die Reitjes und einen au\u00dfergew\u00f6hnlichen G\u00e4steservice.\" \/>\n<meta property=\"og:url\" content=\"https:\/\/cw-hotel-tb.albastria.com\/de\/unsere-vorteile\/\" \/>\n<meta property=\"og:site_name\" content=\"Hotel Ter Brughe\" \/>\n<meta property=\"article:modified_time\" content=\"2026-01-08T10:28:16+00:00\" \/>\n<meta property=\"og:image\" content=\"http:\/\/hotelterbrughe.com\/wp-content\/uploads\/2024\/04\/BbB3.webp\" \/>\n<meta name=\"twitter:card\" content=\"summary_large_image\" \/>\n<meta name=\"twitter:label1\" content=\"Gesch\u00e4tzte Lesezeit\" \/>\n\t<meta name=\"twitter:data1\" content=\"1\u00a0Minute\" \/>\n<script type=\"application\/ld+json\" class=\"yoast-schema-graph\">{\"@context\":\"https:\\\/\\\/schema.org\",\"@graph\":[{\"@type\":\"WebPage\",\"@id\":\"https:\\\/\\\/cw-hotel-tb.albastria.com\\\/de\\\/unsere-vorteile\\\/\",\"url\":\"https:\\\/\\\/cw-hotel-tb.albastria.com\\\/de\\\/unsere-vorteile\\\/\",\"name\":\"Ausstattung Hotel Ter Brughe\",\"isPartOf\":{\"@id\":\"https:\\\/\\\/cw-hotel-tb.albastria.com\\\/nl\\\/#website\"},\"primaryImageOfPage\":{\"@id\":\"https:\\\/\\\/cw-hotel-tb.albastria.com\\\/de\\\/unsere-vorteile\\\/#primaryimage\"},\"image\":{\"@id\":\"https:\\\/\\\/cw-hotel-tb.albastria.com\\\/de\\\/unsere-vorteile\\\/#primaryimage\"},\"thumbnailUrl\":\"http:\\\/\\\/hotelterbrughe.com\\\/wp-content\\\/uploads\\\/2024\\\/04\\\/BbB3.webp\",\"datePublished\":\"2024-02-10T20:09:48+00:00\",\"dateModified\":\"2026-01-08T10:28:16+00:00\",\"description\":\"Entdecken Sie die Annehmlichkeiten des Hotel Ter Brughe. Genie\u00dfen Sie einen gem\u00fctlichen Garten, einen atemberaubenden Blick auf die Reitjes und einen au\u00dfergew\u00f6hnlichen G\u00e4steservice.\",\"breadcrumb\":{\"@id\":\"https:\\\/\\\/cw-hotel-tb.albastria.com\\\/de\\\/unsere-vorteile\\\/#breadcrumb\"},\"inLanguage\":\"de\",\"potentialAction\":[{\"@type\":\"ReadAction\",\"target\":[\"https:\\\/\\\/cw-hotel-tb.albastria.com\\\/de\\\/unsere-vorteile\\\/\"]}]},{\"@type\":\"ImageObject\",\"inLanguage\":\"de\",\"@id\":\"https:\\\/\\\/cw-hotel-tb.albastria.com\\\/de\\\/unsere-vorteile\\\/#primaryimage\",\"url\":\"http:\\\/\\\/hotelterbrughe.com\\\/wp-content\\\/uploads\\\/2024\\\/04\\\/BbB3.webp\",\"contentUrl\":\"http:\\\/\\\/hotelterbrughe.com\\\/wp-content\\\/uploads\\\/2024\\\/04\\\/BbB3.webp\"},{\"@type\":\"BreadcrumbList\",\"@id\":\"https:\\\/\\\/cw-hotel-tb.albastria.com\\\/de\\\/unsere-vorteile\\\/#breadcrumb\",\"itemListElement\":[{\"@type\":\"ListItem\",\"position\":1,\"name\":\"Home\",\"item\":\"https:\\\/\\\/hotelterbrughe.com\\\/de\\\/\"},{\"@type\":\"ListItem\",\"position\":2,\"name\":\"Unsere Vorteile\"}]},{\"@type\":\"WebSite\",\"@id\":\"https:\\\/\\\/cw-hotel-tb.albastria.com\\\/nl\\\/#website\",\"url\":\"https:\\\/\\\/cw-hotel-tb.albastria.com\\\/nl\\\/\",\"name\":\"Hotel Ter Brughe\",\"description\":\"CW Hotel Collection\",\"potentialAction\":[{\"@type\":\"SearchAction\",\"target\":{\"@type\":\"EntryPoint\",\"urlTemplate\":\"https:\\\/\\\/cw-hotel-tb.albastria.com\\\/nl\\\/?s={search_term_string}\"},\"query-input\":{\"@type\":\"PropertyValueSpecification\",\"valueRequired\":true,\"valueName\":\"search_term_string\"}}],\"inLanguage\":\"de\"}]}<\/script>\n<!-- \/ Yoast SEO plugin. -->","yoast_head_json":{"title":"Ausstattung Hotel Ter Brughe","description":"Entdecken Sie die Annehmlichkeiten des Hotel Ter Brughe. Genie\u00dfen Sie einen gem\u00fctlichen Garten, einen atemberaubenden Blick auf die Reitjes und einen au\u00dfergew\u00f6hnlichen G\u00e4steservice.","robots":{"index":"index","follow":"follow","max-snippet":"max-snippet:-1","max-image-preview":"max-image-preview:large","max-video-preview":"max-video-preview:-1"},"canonical":"https:\/\/cw-hotel-tb.albastria.com\/de\/unsere-vorteile\/","og_locale":"de_DE","og_type":"article","og_title":"Ausstattung Hotel Ter Brughe","og_description":"Entdecken Sie die Annehmlichkeiten des Hotel Ter Brughe. Genie\u00dfen Sie einen gem\u00fctlichen Garten, einen atemberaubenden Blick auf die Reitjes und einen au\u00dfergew\u00f6hnlichen G\u00e4steservice.","og_url":"https:\/\/cw-hotel-tb.albastria.com\/de\/unsere-vorteile\/","og_site_name":"Hotel Ter Brughe","article_modified_time":"2026-01-08T10:28:16+00:00","og_image":[{"url":"http:\/\/hotelterbrughe.com\/wp-content\/uploads\/2024\/04\/BbB3.webp","type":"","width":"","height":""}],"twitter_card":"summary_large_image","twitter_misc":{"Gesch\u00e4tzte Lesezeit":"1\u00a0Minute"},"schema":{"@context":"https:\/\/schema.org","@graph":[{"@type":"WebPage","@id":"https:\/\/cw-hotel-tb.albastria.com\/de\/unsere-vorteile\/","url":"https:\/\/cw-hotel-tb.albastria.com\/de\/unsere-vorteile\/","name":"Ausstattung Hotel Ter Brughe","isPartOf":{"@id":"https:\/\/cw-hotel-tb.albastria.com\/nl\/#website"},"primaryImageOfPage":{"@id":"https:\/\/cw-hotel-tb.albastria.com\/de\/unsere-vorteile\/#primaryimage"},"image":{"@id":"https:\/\/cw-hotel-tb.albastria.com\/de\/unsere-vorteile\/#primaryimage"},"thumbnailUrl":"http:\/\/hotelterbrughe.com\/wp-content\/uploads\/2024\/04\/BbB3.webp","datePublished":"2024-02-10T20:09:48+00:00","dateModified":"2026-01-08T10:28:16+00:00","description":"Entdecken Sie die Annehmlichkeiten des Hotel Ter Brughe. Genie\u00dfen Sie einen gem\u00fctlichen Garten, einen atemberaubenden Blick auf die Reitjes und einen au\u00dfergew\u00f6hnlichen G\u00e4steservice.","breadcrumb":{"@id":"https:\/\/cw-hotel-tb.albastria.com\/de\/unsere-vorteile\/#breadcrumb"},"inLanguage":"de","potentialAction":[{"@type":"ReadAction","target":["https:\/\/cw-hotel-tb.albastria.com\/de\/unsere-vorteile\/"]}]},{"@type":"ImageObject","inLanguage":"de","@id":"https:\/\/cw-hotel-tb.albastria.com\/de\/unsere-vorteile\/#primaryimage","url":"http:\/\/hotelterbrughe.com\/wp-content\/uploads\/2024\/04\/BbB3.webp","contentUrl":"http:\/\/hotelterbrughe.com\/wp-content\/uploads\/2024\/04\/BbB3.webp"},{"@type":"BreadcrumbList","@id":"https:\/\/cw-hotel-tb.albastria.com\/de\/unsere-vorteile\/#breadcrumb","itemListElement":[{"@type":"ListItem","position":1,"name":"Home","item":"https:\/\/hotelterbrughe.com\/de\/"},{"@type":"ListItem","position":2,"name":"Unsere Vorteile"}]},{"@type":"WebSite","@id":"https:\/\/cw-hotel-tb.albastria.com\/nl\/#website","url":"https:\/\/cw-hotel-tb.albastria.com\/nl\/","name":"Hotel Ter Brughe","description":"CW Hotel Collection","potentialAction":[{"@type":"SearchAction","target":{"@type":"EntryPoint","urlTemplate":"https:\/\/cw-hotel-tb.albastria.com\/nl\/?s={search_term_string}"},"query-input":{"@type":"PropertyValueSpecification","valueRequired":true,"valueName":"search_term_string"}}],"inLanguage":"de"}]}},"_links":{"self":[{"href":"https:\/\/hotelterbrughe.com\/de\/wp-json\/wp\/v2\/pages\/17326","targetHints":{"allow":["GET"]}}],"collection":[{"href":"https:\/\/hotelterbrughe.com\/de\/wp-json\/wp\/v2\/pages"}],"about":[{"href":"https:\/\/hotelterbrughe.com\/de\/wp-json\/wp\/v2\/types\/page"}],"author":[{"embeddable":true,"href":"https:\/\/hotelterbrughe.com\/de\/wp-json\/wp\/v2\/users\/2"}],"replies":[{"embeddable":true,"href":"https:\/\/hotelterbrughe.com\/de\/wp-json\/wp\/v2\/comments?post=17326"}],"version-history":[{"count":14,"href":"https:\/\/hotelterbrughe.com\/de\/wp-json\/wp\/v2\/pages\/17326\/revisions"}],"predecessor-version":[{"id":20004,"href":"https:\/\/hotelterbrughe.com\/de\/wp-json\/wp\/v2\/pages\/17326\/revisions\/20004"}],"wp:attachment":[{"href":"https:\/\/hotelterbrughe.com\/de\/wp-json\/wp\/v2\/media?parent=17326"}],"curies":[{"name":"wp","href":"https:\/\/api.w.org\/{rel}","templated":true}]}}